{"id":455,"date":"2023-11-30T10:32:48","date_gmt":"2023-11-30T09:32:48","guid":{"rendered":"https:\/\/piretols.es\/?page_id=455"},"modified":"2025-12-05T12:34:04","modified_gmt":"2025-12-05T11:34:04","slug":"catalogo","status":"publish","type":"page","link":"https:\/\/piretols.es\/index.php\/catalogo\/","title":{"rendered":"Cat\u00e1logo"},"content":{"rendered":"\n<div class=\"wp-block-cover alignfull is-light\" style=\"min-height:325px;aspect-ratio:unset;\"><img fetchpriority=\"high\" decoding=\"async\" width=\"1024\" height=\"387\" class=\"wp-block-cover__image-background wp-image-704 size-large\" alt=\"\" src=\"https:\/\/piretols.es\/wp-content\/uploads\/2025\/10\/Recurso-6-8-1024x387.png\" data-object-fit=\"cover\" srcset=\"https:\/\/piretols.es\/wp-content\/uploads\/2025\/10\/Recurso-6-8-1024x387.png 1024w, https:\/\/piretols.es\/wp-content\/uploads\/2025\/10\/Recurso-6-8-600x227.png 600w, https:\/\/piretols.es\/wp-content\/uploads\/2025\/10\/Recurso-6-8-300x113.png 300w, https:\/\/piretols.es\/wp-content\/uploads\/2025\/10\/Recurso-6-8-768x290.png 768w, https:\/\/piretols.es\/wp-content\/uploads\/2025\/10\/Recurso-6-8.png 1269w\" sizes=\"(max-width: 1024px) 100vw, 1024px\" \/><span aria-hidden=\"true\" class=\"wp-block-cover__background has-background-dim-0 has-background-dim\"><\/span><div class=\"wp-block-cover__inner-container is-layout-flow wp-block-cover-is-layout-flow\">\n<p class=\"has-text-align-center has-large-font-size\"><\/p>\n<\/div><\/div>\n\n\n\n<div style=\"height:100px\" aria-hidden=\"true\" class=\"wp-block-spacer\"><\/div>\n\n\n\n<h2 class=\"wp-block-heading has-text-align-center\">Tenemos una gran variedad de productos a tu disposici\u00f3n<\/h2>\n\n\n\n<h4 id=\"wp-block-themeisle-blocks-advanced-heading-c39caf4a\" class=\"wp-block-themeisle-blocks-advanced-heading wp-block-themeisle-blocks-advanced-heading-c39caf4a\">Cualquier consulta escr\u00edbenos o ll\u00e1manos al   <strong>747 41 30 72<\/strong>  .<\/h4>\n\n\n\n<div class=\"wp-block-columns is-layout-flex wp-container-core-columns-is-layout-9d6595d7 wp-block-columns-is-layout-flex\">\n<div class=\"wp-block-column is-layout-flow wp-block-column-is-layout-flow\">\n<div id=\"wp-block-themeisle-blocks-advanced-columns-55b78b58\" class=\"wp-block-themeisle-blocks-advanced-columns alignfull has-4-columns has-desktop-equal-layout has-tablet-equal-layout has-mobile-collapsedRows-layout has-vertical-center ticss-c00aadba\"><div class=\"wp-block-themeisle-blocks-advanced-columns-overlay\"><\/div><div class=\"innerblocks-wrap\">\n<div id=\"wp-block-themeisle-blocks-advanced-column-d16eef57\" class=\"wp-block-themeisle-blocks-advanced-column\"><div class=\"wp-block-image\">\n<figure class=\"aligncenter size-full\"><img decoding=\"async\" width=\"908\" height=\"1204\" src=\"https:\/\/piretols.es\/wp-content\/uploads\/2025\/10\/Recurso-10-8.png\" alt=\"R\u00f3tulos\" class=\"wp-image-709\" srcset=\"https:\/\/piretols.es\/wp-content\/uploads\/2025\/10\/Recurso-10-8.png 908w, https:\/\/piretols.es\/wp-content\/uploads\/2025\/10\/Recurso-10-8-600x796.png 600w, https:\/\/piretols.es\/wp-content\/uploads\/2025\/10\/Recurso-10-8-226x300.png 226w, https:\/\/piretols.es\/wp-content\/uploads\/2025\/10\/Recurso-10-8-772x1024.png 772w, https:\/\/piretols.es\/wp-content\/uploads\/2025\/10\/Recurso-10-8-768x1018.png 768w\" sizes=\"(max-width: 908px) 100vw, 908px\" \/><\/figure>\n<\/div>\n\n\n<h3 id=\"wp-block-themeisle-blocks-advanced-heading-af4a6933\" class=\"wp-block-themeisle-blocks-advanced-heading wp-block-themeisle-blocks-advanced-heading-af4a6933\">R\u00f3tulos<\/h3>\n\n\n\n<p class=\"has-text-align-center\">R\u00f3tulos de vinilo, con caja de luz, letras corp\u00f3reas, neones, acabado met\u00e1lico &#8230;<\/p>\n<\/div>\n\n\n\n<div id=\"wp-block-themeisle-blocks-advanced-column-bd1b0b6b\" class=\"wp-block-themeisle-blocks-advanced-column\"><div class=\"wp-block-image\">\n<figure class=\"aligncenter size-full\"><img decoding=\"async\" width=\"908\" height=\"1204\" src=\"https:\/\/piretols.es\/wp-content\/uploads\/2025\/10\/vinilos-8.png\" alt=\"\" class=\"wp-image-710\" srcset=\"https:\/\/piretols.es\/wp-content\/uploads\/2025\/10\/vinilos-8.png 908w, https:\/\/piretols.es\/wp-content\/uploads\/2025\/10\/vinilos-8-600x796.png 600w, https:\/\/piretols.es\/wp-content\/uploads\/2025\/10\/vinilos-8-226x300.png 226w, https:\/\/piretols.es\/wp-content\/uploads\/2025\/10\/vinilos-8-772x1024.png 772w, https:\/\/piretols.es\/wp-content\/uploads\/2025\/10\/vinilos-8-768x1018.png 768w\" sizes=\"(max-width: 908px) 100vw, 908px\" \/><\/figure>\n<\/div>\n\n\n<h3 id=\"wp-block-themeisle-blocks-advanced-heading-112ba0b0\" class=\"wp-block-themeisle-blocks-advanced-heading wp-block-themeisle-blocks-advanced-heading-112ba0b0\">Vinilos<\/h3>\n\n\n\n<p class=\"has-text-align-center\">Vinilo de colores lisos, met\u00e1licos, con impresi\u00f3n digital, al \u00e1cido\/glass, microperforado &#8230;<\/p>\n<\/div>\n\n\n\n<div id=\"wp-block-themeisle-blocks-advanced-column-07b3d357\" class=\"wp-block-themeisle-blocks-advanced-column\"><div class=\"wp-block-image\">\n<figure class=\"aligncenter size-full\"><img loading=\"lazy\" decoding=\"async\" width=\"908\" height=\"1204\" src=\"https:\/\/piretols.es\/wp-content\/uploads\/2025\/10\/persianas.png\" alt=\"\" class=\"wp-image-712\" srcset=\"https:\/\/piretols.es\/wp-content\/uploads\/2025\/10\/persianas.png 908w, https:\/\/piretols.es\/wp-content\/uploads\/2025\/10\/persianas-600x796.png 600w, https:\/\/piretols.es\/wp-content\/uploads\/2025\/10\/persianas-226x300.png 226w, https:\/\/piretols.es\/wp-content\/uploads\/2025\/10\/persianas-772x1024.png 772w, https:\/\/piretols.es\/wp-content\/uploads\/2025\/10\/persianas-768x1018.png 768w\" sizes=\"(max-width: 908px) 100vw, 908px\" \/><\/figure>\n<\/div>\n\n\n<h3 id=\"wp-block-themeisle-blocks-advanced-heading-c1dd424b\" class=\"wp-block-themeisle-blocks-advanced-heading wp-block-themeisle-blocks-advanced-heading-c1dd424b\">Persianas<\/h3>\n\n\n\n<p class=\"has-text-align-center\">Pintado de persianas, vinilo para persianas &#8230;<\/p>\n<\/div>\n\n\n\n<div id=\"wp-block-themeisle-blocks-advanced-column-07a6c500\" class=\"wp-block-themeisle-blocks-advanced-column\"><div class=\"wp-block-image\">\n<figure class=\"aligncenter size-full\"><img loading=\"lazy\" decoding=\"async\" width=\"908\" height=\"1204\" src=\"https:\/\/piretols.es\/wp-content\/uploads\/2025\/10\/lonas-8.png\" alt=\"\" class=\"wp-image-714\" style=\"aspect-ratio:0.754168084382443\" srcset=\"https:\/\/piretols.es\/wp-content\/uploads\/2025\/10\/lonas-8.png 908w, https:\/\/piretols.es\/wp-content\/uploads\/2025\/10\/lonas-8-600x796.png 600w, https:\/\/piretols.es\/wp-content\/uploads\/2025\/10\/lonas-8-226x300.png 226w, https:\/\/piretols.es\/wp-content\/uploads\/2025\/10\/lonas-8-772x1024.png 772w, https:\/\/piretols.es\/wp-content\/uploads\/2025\/10\/lonas-8-768x1018.png 768w\" sizes=\"(max-width: 908px) 100vw, 908px\" \/><\/figure>\n<\/div>\n\n\n<h3 id=\"wp-block-themeisle-blocks-advanced-heading-95218a00\" class=\"wp-block-themeisle-blocks-advanced-heading wp-block-themeisle-blocks-advanced-heading-95218a00\">Lonas<\/h3>\n\n\n\n<p class=\"has-text-align-center\">Lonas de diferentes tama\u00f1os seg\u00fan necesites, con ojales para sujecci\u00f3n &#8230;<\/p>\n<\/div>\n<\/div><\/div>\n\n\n\n<div id=\"wp-block-themeisle-blocks-advanced-columns-888cd2af\" class=\"wp-block-themeisle-blocks-advanced-columns alignfull has-4-columns has-desktop-equal-layout has-tablet-equal-layout has-mobile-collapsedRows-layout has-vertical-center ticss-c00aadba\"><div class=\"wp-block-themeisle-blocks-advanced-columns-overlay\"><\/div><div class=\"innerblocks-wrap\">\n<div id=\"wp-block-themeisle-blocks-advanced-column-fca446b9\" class=\"wp-block-themeisle-blocks-advanced-column\">\n<figure class=\"wp-block-image size-full\"><img loading=\"lazy\" decoding=\"async\" width=\"908\" height=\"1203\" src=\"https:\/\/piretols.es\/wp-content\/uploads\/2025\/11\/estampados-8.png\" alt=\"\" class=\"wp-image-763\" srcset=\"https:\/\/piretols.es\/wp-content\/uploads\/2025\/11\/estampados-8.png 908w, https:\/\/piretols.es\/wp-content\/uploads\/2025\/11\/estampados-8-600x795.png 600w, https:\/\/piretols.es\/wp-content\/uploads\/2025\/11\/estampados-8-226x300.png 226w, https:\/\/piretols.es\/wp-content\/uploads\/2025\/11\/estampados-8-773x1024.png 773w, https:\/\/piretols.es\/wp-content\/uploads\/2025\/11\/estampados-8-768x1018.png 768w\" sizes=\"(max-width: 908px) 100vw, 908px\" \/><\/figure>\n\n\n\n<h3 id=\"wp-block-themeisle-blocks-advanced-heading-786c9a68\" class=\"wp-block-themeisle-blocks-advanced-heading wp-block-themeisle-blocks-advanced-heading-786c9a68\">Estampados<\/h3>\n\n\n\n<p class=\"has-text-align-center\">Estampados de camisetas ya sea para empresa o personal.<\/p>\n<\/div>\n\n\n\n<div id=\"wp-block-themeisle-blocks-advanced-column-68e02735\" class=\"wp-block-themeisle-blocks-advanced-column\">\n<figure class=\"wp-block-image size-full\"><img loading=\"lazy\" decoding=\"async\" width=\"908\" height=\"1203\" src=\"https:\/\/piretols.es\/wp-content\/uploads\/2025\/11\/Neones-8.png\" alt=\"\" class=\"wp-image-764\" srcset=\"https:\/\/piretols.es\/wp-content\/uploads\/2025\/11\/Neones-8.png 908w, https:\/\/piretols.es\/wp-content\/uploads\/2025\/11\/Neones-8-600x795.png 600w, https:\/\/piretols.es\/wp-content\/uploads\/2025\/11\/Neones-8-226x300.png 226w, https:\/\/piretols.es\/wp-content\/uploads\/2025\/11\/Neones-8-773x1024.png 773w, https:\/\/piretols.es\/wp-content\/uploads\/2025\/11\/Neones-8-768x1018.png 768w\" sizes=\"(max-width: 908px) 100vw, 908px\" \/><\/figure>\n\n\n\n<h3 id=\"wp-block-themeisle-blocks-advanced-heading-aeb40879\" class=\"wp-block-themeisle-blocks-advanced-heading wp-block-themeisle-blocks-advanced-heading-aeb40879\">Neones<\/h3>\n\n\n\n<p class=\"has-text-align-center\">Neones de exterior e interior, letras , siluetas, logos &#8230;<\/p>\n<\/div>\n\n\n\n<div id=\"wp-block-themeisle-blocks-advanced-column-2ae44b36\" class=\"wp-block-themeisle-blocks-advanced-column\">\n<figure class=\"wp-block-image size-full\"><img loading=\"lazy\" decoding=\"async\" width=\"908\" height=\"1203\" src=\"https:\/\/piretols.es\/wp-content\/uploads\/2025\/11\/Wrapping-8.png\" alt=\"\" class=\"wp-image-765\" srcset=\"https:\/\/piretols.es\/wp-content\/uploads\/2025\/11\/Wrapping-8.png 908w, https:\/\/piretols.es\/wp-content\/uploads\/2025\/11\/Wrapping-8-600x795.png 600w, https:\/\/piretols.es\/wp-content\/uploads\/2025\/11\/Wrapping-8-226x300.png 226w, https:\/\/piretols.es\/wp-content\/uploads\/2025\/11\/Wrapping-8-773x1024.png 773w, https:\/\/piretols.es\/wp-content\/uploads\/2025\/11\/Wrapping-8-768x1018.png 768w\" sizes=\"(max-width: 908px) 100vw, 908px\" \/><\/figure>\n\n\n\n<h3 id=\"wp-block-themeisle-blocks-advanced-heading-e076ac08\" class=\"wp-block-themeisle-blocks-advanced-heading wp-block-themeisle-blocks-advanced-heading-e076ac08\">Wrapping<\/h3>\n\n\n\n<p class=\"has-text-align-center\">Wrapping de coches, motos, furgonetas, buses&#8230;<\/p>\n<\/div>\n\n\n\n<div id=\"wp-block-themeisle-blocks-advanced-column-7c77d2ff\" class=\"wp-block-themeisle-blocks-advanced-column\">\n<figure class=\"wp-block-image size-full\"><img loading=\"lazy\" decoding=\"async\" width=\"908\" height=\"1203\" src=\"https:\/\/piretols.es\/wp-content\/uploads\/2025\/11\/Banderola-8.png\" alt=\"\" class=\"wp-image-766\" srcset=\"https:\/\/piretols.es\/wp-content\/uploads\/2025\/11\/Banderola-8.png 908w, https:\/\/piretols.es\/wp-content\/uploads\/2025\/11\/Banderola-8-600x795.png 600w, https:\/\/piretols.es\/wp-content\/uploads\/2025\/11\/Banderola-8-226x300.png 226w, https:\/\/piretols.es\/wp-content\/uploads\/2025\/11\/Banderola-8-773x1024.png 773w, https:\/\/piretols.es\/wp-content\/uploads\/2025\/11\/Banderola-8-768x1018.png 768w\" sizes=\"(max-width: 908px) 100vw, 908px\" \/><\/figure>\n\n\n\n<h3 id=\"wp-block-themeisle-blocks-advanced-heading-eadb55b1\" class=\"wp-block-themeisle-blocks-advanced-heading wp-block-themeisle-blocks-advanced-heading-eadb55b1\">Roll ups y banderolas<\/h3>\n\n\n\n<p class=\"has-text-align-center\">Rolls ups y baderolas para eventos de diferentes tama\u00f1os&#8230;<\/p>\n<\/div>\n<\/div><\/div>\n\n\n\n<div id=\"wp-block-themeisle-blocks-advanced-columns-19b4cece\" class=\"wp-block-themeisle-blocks-advanced-columns alignfull has-4-columns has-desktop-equal-layout has-tablet-equal-layout has-mobile-collapsedRows-layout has-vertical-center ticss-c00aadba\"><div class=\"wp-block-themeisle-blocks-advanced-columns-overlay\"><\/div><div class=\"innerblocks-wrap\">\n<div id=\"wp-block-themeisle-blocks-advanced-column-86faa237\" class=\"wp-block-themeisle-blocks-advanced-column\"><div class=\"wp-block-image\">\n<figure class=\"aligncenter size-full\"><img loading=\"lazy\" decoding=\"async\" width=\"908\" height=\"1203\" src=\"https:\/\/piretols.es\/wp-content\/uploads\/2025\/11\/Recurso-19-8.png\" alt=\"\" class=\"wp-image-769\" srcset=\"https:\/\/piretols.es\/wp-content\/uploads\/2025\/11\/Recurso-19-8.png 908w, https:\/\/piretols.es\/wp-content\/uploads\/2025\/11\/Recurso-19-8-600x795.png 600w, https:\/\/piretols.es\/wp-content\/uploads\/2025\/11\/Recurso-19-8-226x300.png 226w, https:\/\/piretols.es\/wp-content\/uploads\/2025\/11\/Recurso-19-8-773x1024.png 773w, https:\/\/piretols.es\/wp-content\/uploads\/2025\/11\/Recurso-19-8-768x1018.png 768w\" sizes=\"(max-width: 908px) 100vw, 908px\" \/><\/figure>\n<\/div>\n\n\n<h3 id=\"wp-block-themeisle-blocks-advanced-heading-def50e2b\" class=\"wp-block-themeisle-blocks-advanced-heading wp-block-themeisle-blocks-advanced-heading-def50e2b\">Tarjetas<\/h3>\n\n\n\n<p class=\"has-text-align-center\">Dise\u00f1o e impresi\u00f3n de tarjetas seg\u00fan m\u00e1s te guste. Acabado mate o brillante. Con efecto relieve, oro \/ met\u00e1lico, etc&#8230;<\/p>\n<\/div>\n\n\n\n<div id=\"wp-block-themeisle-blocks-advanced-column-5d8c5aaa\" class=\"wp-block-themeisle-blocks-advanced-column\"><div class=\"wp-block-image\">\n<figure class=\"aligncenter size-full\"><img loading=\"lazy\" decoding=\"async\" width=\"908\" height=\"1203\" src=\"https:\/\/piretols.es\/wp-content\/uploads\/2025\/11\/Recurso-20-8.png\" alt=\"\" class=\"wp-image-771\" srcset=\"https:\/\/piretols.es\/wp-content\/uploads\/2025\/11\/Recurso-20-8.png 908w, https:\/\/piretols.es\/wp-content\/uploads\/2025\/11\/Recurso-20-8-600x795.png 600w, https:\/\/piretols.es\/wp-content\/uploads\/2025\/11\/Recurso-20-8-226x300.png 226w, https:\/\/piretols.es\/wp-content\/uploads\/2025\/11\/Recurso-20-8-773x1024.png 773w, https:\/\/piretols.es\/wp-content\/uploads\/2025\/11\/Recurso-20-8-768x1018.png 768w\" sizes=\"(max-width: 908px) 100vw, 908px\" \/><\/figure>\n<\/div>\n\n\n<h3 id=\"wp-block-themeisle-blocks-advanced-heading-d47b68b9\" class=\"wp-block-themeisle-blocks-advanced-heading wp-block-themeisle-blocks-advanced-heading-d47b68b9\">Flyers \/ Folletos<\/h3>\n\n\n\n<p class=\"has-text-align-center\">Folletos a la medida que prefieras.<\/p>\n<\/div>\n\n\n\n<div id=\"wp-block-themeisle-blocks-advanced-column-474baa3c\" class=\"wp-block-themeisle-blocks-advanced-column\"><div class=\"wp-block-image\">\n<figure class=\"aligncenter size-full\"><img loading=\"lazy\" decoding=\"async\" width=\"908\" height=\"1203\" src=\"https:\/\/piretols.es\/wp-content\/uploads\/2025\/11\/Recurso-21-8.png\" alt=\"\" class=\"wp-image-772\" srcset=\"https:\/\/piretols.es\/wp-content\/uploads\/2025\/11\/Recurso-21-8.png 908w, https:\/\/piretols.es\/wp-content\/uploads\/2025\/11\/Recurso-21-8-600x795.png 600w, https:\/\/piretols.es\/wp-content\/uploads\/2025\/11\/Recurso-21-8-226x300.png 226w, https:\/\/piretols.es\/wp-content\/uploads\/2025\/11\/Recurso-21-8-773x1024.png 773w, https:\/\/piretols.es\/wp-content\/uploads\/2025\/11\/Recurso-21-8-768x1018.png 768w\" sizes=\"(max-width: 908px) 100vw, 908px\" \/><\/figure>\n<\/div>\n\n\n<h3 id=\"wp-block-themeisle-blocks-advanced-heading-7a30b66a\" class=\"wp-block-themeisle-blocks-advanced-heading wp-block-themeisle-blocks-advanced-heading-7a30b66a\">R\u00f3tulos banderola<\/h3>\n\n\n\n<p class=\"has-text-align-center\">Banderolas con diversas formas seg\u00fan necesites (cuadrado, c\u00edrculo, etc&#8230;) Con iluminaci\u00f3n, de metal, tela&#8230;<\/p>\n<\/div>\n\n\n\n<div id=\"wp-block-themeisle-blocks-advanced-column-7395884f\" class=\"wp-block-themeisle-blocks-advanced-column\"><div class=\"wp-block-image\">\n<figure class=\"aligncenter size-full\"><img loading=\"lazy\" decoding=\"async\" width=\"908\" height=\"1203\" src=\"https:\/\/piretols.es\/wp-content\/uploads\/2025\/11\/Recurso-22-8.png\" alt=\"\" class=\"wp-image-773\" srcset=\"https:\/\/piretols.es\/wp-content\/uploads\/2025\/11\/Recurso-22-8.png 908w, https:\/\/piretols.es\/wp-content\/uploads\/2025\/11\/Recurso-22-8-600x795.png 600w, https:\/\/piretols.es\/wp-content\/uploads\/2025\/11\/Recurso-22-8-226x300.png 226w, https:\/\/piretols.es\/wp-content\/uploads\/2025\/11\/Recurso-22-8-773x1024.png 773w, https:\/\/piretols.es\/wp-content\/uploads\/2025\/11\/Recurso-22-8-768x1018.png 768w\" sizes=\"(max-width: 908px) 100vw, 908px\" \/><\/figure>\n<\/div>\n\n\n<h3 id=\"wp-block-themeisle-blocks-advanced-heading-7d2046e6\" class=\"wp-block-themeisle-blocks-advanced-heading wp-block-themeisle-blocks-advanced-heading-7d2046e6\">Vinilado de muebles<\/h3>\n\n\n\n<p class=\"has-text-align-center\">Si quieres dar un nuevo estilo a tus muebles: tenemos vinilos de diferentes colores o con la opci\u00f3n de estampados personalizados.<\/p>\n<\/div>\n<\/div><\/div>\n\n\n<div class=\"wp-block-image\">\n<figure class=\"aligncenter size-large is-resized\"><img loading=\"lazy\" decoding=\"async\" width=\"1024\" height=\"218\" src=\"https:\/\/piretols.es\/wp-content\/uploads\/2025\/11\/Recurso-23-8-1024x218.png\" alt=\"\" class=\"wp-image-785\" style=\"width:582px;height:auto\" srcset=\"https:\/\/piretols.es\/wp-content\/uploads\/2025\/11\/Recurso-23-8-1024x218.png 1024w, https:\/\/piretols.es\/wp-content\/uploads\/2025\/11\/Recurso-23-8-600x128.png 600w, https:\/\/piretols.es\/wp-content\/uploads\/2025\/11\/Recurso-23-8-300x64.png 300w, https:\/\/piretols.es\/wp-content\/uploads\/2025\/11\/Recurso-23-8-768x163.png 768w, https:\/\/piretols.es\/wp-content\/uploads\/2025\/11\/Recurso-23-8-1536x327.png 1536w, https:\/\/piretols.es\/wp-content\/uploads\/2025\/11\/Recurso-23-8.png 1830w\" sizes=\"(max-width: 1024px) 100vw, 1024px\" \/><\/figure>\n<\/div>\n\n\n<div style=\"height:89px\" aria-hidden=\"true\" class=\"wp-block-spacer\"><\/div>\n<\/div>\n<\/div>\n\n\n\n<div data-wp-interactive=\"core\/file\" class=\"wp-block-file\"><object data-wp-bind--hidden=\"!state.hasPdfPreview\" hidden class=\"wp-block-file__embed\" data=\"https:\/\/piretols.es\/wp-content\/uploads\/2023\/11\/Catalogo-PiRetols_removed.pdf\" type=\"application\/pdf\" style=\"width:100%;height:600px\" aria-label=\"Incrustado de Catalogo-PiRetols_removed.\"><\/object><a id=\"wp-block-file--media-396afd69-a6b9-4787-bda6-dca34dc0fe94\" href=\"https:\/\/piretols.es\/wp-content\/uploads\/2023\/11\/Catalogo-PiRetols_removed.pdf\">Catalogo-PiRetols_removed<\/a><a href=\"https:\/\/piretols.es\/wp-content\/uploads\/2023\/11\/Catalogo-PiRetols_removed.pdf\" class=\"wp-block-file__button wp-element-button\" download aria-describedby=\"wp-block-file--media-396afd69-a6b9-4787-bda6-dca34dc0fe94\">Descarga<\/a><\/div>\n\n\n\n<p><\/p>\n","protected":false},"excerpt":{"rendered":"<p>Tenemos una gran variedad de productos a tu disposici\u00f3n<\/p>\n","protected":false},"author":1,"featured_media":0,"parent":0,"menu_order":0,"comment_status":"closed","ping_status":"closed","template":"","meta":{"neve_meta_sidebar":"default","neve_meta_container":"full-width","neve_meta_enable_content_width":"on","neve_meta_content_width":95,"neve_meta_title_alignment":"center","neve_meta_author_avatar":"","neve_post_elements_order":"","neve_meta_disable_header":"off","neve_meta_disable_footer":"","neve_meta_disable_title":"on","_themeisle_gutenberg_block_has_review":false,"footnotes":""},"class_list":["post-455","page","type-page","status-publish","hentry"],"jetpack_sharing_enabled":true,"_links":{"self":[{"href":"https:\/\/piretols.es\/index.php\/wp-json\/wp\/v2\/pages\/455","targetHints":{"allow":["GET"]}}],"collection":[{"href":"https:\/\/piretols.es\/index.php\/wp-json\/wp\/v2\/pages"}],"about":[{"href":"https:\/\/piretols.es\/index.php\/wp-json\/wp\/v2\/types\/page"}],"author":[{"embeddable":true,"href":"https:\/\/piretols.es\/index.php\/wp-json\/wp\/v2\/users\/1"}],"replies":[{"embeddable":true,"href":"https:\/\/piretols.es\/index.php\/wp-json\/wp\/v2\/comments?post=455"}],"version-history":[{"count":55,"href":"https:\/\/piretols.es\/index.php\/wp-json\/wp\/v2\/pages\/455\/revisions"}],"predecessor-version":[{"id":870,"href":"https:\/\/piretols.es\/index.php\/wp-json\/wp\/v2\/pages\/455\/revisions\/870"}],"wp:attachment":[{"href":"https:\/\/piretols.es\/index.php\/wp-json\/wp\/v2\/media?parent=455"}],"curies":[{"name":"wp","href":"https:\/\/api.w.org\/{rel}","templated":true}]}}