{"id":533,"date":"2024-03-13T10:12:31","date_gmt":"2024-03-13T09:12:31","guid":{"rendered":"https:\/\/piretols.es\/?page_id=533"},"modified":"2024-03-13T10:54:10","modified_gmt":"2024-03-13T09:54:10","slug":"banderas-2","status":"publish","type":"page","link":"https:\/\/piretols.es\/index.php\/banderas-2\/","title":{"rendered":"Flyers"},"content":{"rendered":"\n<div class=\"wp-block-media-text is-stacked-on-mobile\" style=\"grid-template-columns:25% auto\"><figure class=\"wp-block-media-text__media\"><img fetchpriority=\"high\" decoding=\"async\" width=\"800\" height=\"800\" src=\"https:\/\/piretols.es\/wp-content\/uploads\/2024\/03\/banderas-verticales-CUADRADO-1-2.jpg\" alt=\"\" class=\"wp-image-534 size-full\" srcset=\"https:\/\/piretols.es\/wp-content\/uploads\/2024\/03\/banderas-verticales-CUADRADO-1-2.jpg 800w, https:\/\/piretols.es\/wp-content\/uploads\/2024\/03\/banderas-verticales-CUADRADO-1-2-300x300.jpg 300w, https:\/\/piretols.es\/wp-content\/uploads\/2024\/03\/banderas-verticales-CUADRADO-1-2-100x100.jpg 100w, https:\/\/piretols.es\/wp-content\/uploads\/2024\/03\/banderas-verticales-CUADRADO-1-2-600x600.jpg 600w, https:\/\/piretols.es\/wp-content\/uploads\/2024\/03\/banderas-verticales-CUADRADO-1-2-150x150.jpg 150w, https:\/\/piretols.es\/wp-content\/uploads\/2024\/03\/banderas-verticales-CUADRADO-1-2-768x768.jpg 768w\" sizes=\"(max-width: 800px) 100vw, 800px\" \/><\/figure><div class=\"wp-block-media-text__content\">\n<h3 class=\"wp-block-heading\">Banderas verticales<\/h3>\n\n\n\n<p class=\"has-small-font-size\">Puedes ofrecer&nbsp;<strong>banderas verticales personalizadas<\/strong>&nbsp;a tus clientes. Las confeccionamos a medida con distintos acabados. Suelen estar en m\u00e1stiles de gran altura y sujetas con brazo de potencia, as\u00ed quedan completamente desplegadas mostrando el mensaje a comunicar en su totalidad.<\/p>\n\n\n\n<div class=\"wp-block-buttons is-layout-flex wp-block-buttons-is-layout-flex\">\n<div class=\"wp-block-button has-custom-width wp-block-button__width-100\"><a class=\"wp-block-button__link wp-element-button\">Ver Modelos<\/a><\/div>\n<\/div>\n<\/div><\/div>\n\n\n\n<div class=\"wp-block-media-text is-stacked-on-mobile\" style=\"grid-template-columns:25% auto\"><figure class=\"wp-block-media-text__media\"><img decoding=\"async\" width=\"800\" height=\"800\" src=\"https:\/\/piretols.es\/wp-content\/uploads\/2024\/03\/rectangular_pack_completo_varios-2.jpg\" alt=\"\" class=\"wp-image-535 size-full\" srcset=\"https:\/\/piretols.es\/wp-content\/uploads\/2024\/03\/rectangular_pack_completo_varios-2.jpg 800w, https:\/\/piretols.es\/wp-content\/uploads\/2024\/03\/rectangular_pack_completo_varios-2-300x300.jpg 300w, https:\/\/piretols.es\/wp-content\/uploads\/2024\/03\/rectangular_pack_completo_varios-2-100x100.jpg 100w, https:\/\/piretols.es\/wp-content\/uploads\/2024\/03\/rectangular_pack_completo_varios-2-600x600.jpg 600w, https:\/\/piretols.es\/wp-content\/uploads\/2024\/03\/rectangular_pack_completo_varios-2-150x150.jpg 150w, https:\/\/piretols.es\/wp-content\/uploads\/2024\/03\/rectangular_pack_completo_varios-2-768x768.jpg 768w\" sizes=\"(max-width: 800px) 100vw, 800px\" \/><\/figure><div class=\"wp-block-media-text__content\">\n<h3 class=\"wp-block-heading\">Fly Banner Rectangular<\/h3>\n\n\n\n<p class=\"has-small-font-size\">El&nbsp;<strong>Fly Banner Rectangular<\/strong>&nbsp;es un tipo de Fly Banner con forma de \u201cL\u201d invertida. Dispone de un brazo de potencia que se introduce en la vaina superior de una bandera, siendo perfecto para publicidad vertical. Es el Fly Banner que m\u00e1s superficie proporciona para mostrar el dise\u00f1o publicitario de la bandera que porta.<\/p>\n\n\n\n<div class=\"wp-block-buttons is-layout-flex wp-block-buttons-is-layout-flex\">\n<div class=\"wp-block-button has-custom-width wp-block-button__width-100\"><a class=\"wp-block-button__link wp-element-button\">Ver Modelos<\/a><\/div>\n<\/div>\n<\/div><\/div>\n\n\n\n<div class=\"wp-block-media-text is-stacked-on-mobile\" style=\"grid-template-columns:25% auto\"><figure class=\"wp-block-media-text__media\"><img decoding=\"async\" width=\"800\" height=\"800\" src=\"https:\/\/piretols.es\/wp-content\/uploads\/2024\/03\/7-photocall-tela-suelta.jpg\" alt=\"\" class=\"wp-image-536 size-full\" srcset=\"https:\/\/piretols.es\/wp-content\/uploads\/2024\/03\/7-photocall-tela-suelta.jpg 800w, https:\/\/piretols.es\/wp-content\/uploads\/2024\/03\/7-photocall-tela-suelta-300x300.jpg 300w, https:\/\/piretols.es\/wp-content\/uploads\/2024\/03\/7-photocall-tela-suelta-100x100.jpg 100w, https:\/\/piretols.es\/wp-content\/uploads\/2024\/03\/7-photocall-tela-suelta-600x600.jpg 600w, https:\/\/piretols.es\/wp-content\/uploads\/2024\/03\/7-photocall-tela-suelta-150x150.jpg 150w, https:\/\/piretols.es\/wp-content\/uploads\/2024\/03\/7-photocall-tela-suelta-768x768.jpg 768w\" sizes=\"(max-width: 800px) 100vw, 800px\" \/><\/figure><div class=\"wp-block-media-text__content\">\n<h3 class=\"wp-block-heading\">Photocall Extensible<\/h3>\n\n\n\n<p class=\"has-small-font-size\">El&nbsp;<strong>Photocall Extensible<\/strong>, conocido tambi\u00e9n como&nbsp;<strong>Pop-up Banner<\/strong>, es una estructura met\u00e1lica que se adapta a diferentes medidas y necesidades. El pack est\u00e1 compuesto de:<\/p>\n\n\n\n<p class=\"has-small-font-size\">\u2013 \u00a0Tela 100% poli\u00e9ster de 250 g\/m\u00b2 impresa a una cara con el dise\u00f1o a tu elecci\u00f3n. Tama\u00f1o de la tela totalmente personalizable con alto y ancho desde 1,40 metros a 2,40 metros cada uno de ellos.<\/p>\n\n\n\n<div class=\"wp-block-buttons is-layout-flex wp-block-buttons-is-layout-flex\">\n<div class=\"wp-block-button has-custom-width wp-block-button__width-100\"><a class=\"wp-block-button__link wp-element-button\">Ver Modelos<\/a><\/div>\n<\/div>\n<\/div><\/div>\n\n\n\n<div class=\"wp-block-media-text is-stacked-on-mobile\" style=\"grid-template-columns:25% auto\"><figure class=\"wp-block-media-text__media\"><img loading=\"lazy\" decoding=\"async\" width=\"800\" height=\"800\" src=\"https:\/\/piretols.es\/wp-content\/uploads\/2024\/03\/Golf-Banner-Pop-Up-Adivin-Banderas-400x400-1-1.jpg\" alt=\"\" class=\"wp-image-537 size-full\" srcset=\"https:\/\/piretols.es\/wp-content\/uploads\/2024\/03\/Golf-Banner-Pop-Up-Adivin-Banderas-400x400-1-1.jpg 800w, https:\/\/piretols.es\/wp-content\/uploads\/2024\/03\/Golf-Banner-Pop-Up-Adivin-Banderas-400x400-1-1-300x300.jpg 300w, https:\/\/piretols.es\/wp-content\/uploads\/2024\/03\/Golf-Banner-Pop-Up-Adivin-Banderas-400x400-1-1-100x100.jpg 100w, https:\/\/piretols.es\/wp-content\/uploads\/2024\/03\/Golf-Banner-Pop-Up-Adivin-Banderas-400x400-1-1-600x600.jpg 600w, https:\/\/piretols.es\/wp-content\/uploads\/2024\/03\/Golf-Banner-Pop-Up-Adivin-Banderas-400x400-1-1-150x150.jpg 150w, https:\/\/piretols.es\/wp-content\/uploads\/2024\/03\/Golf-Banner-Pop-Up-Adivin-Banderas-400x400-1-1-768x768.jpg 768w\" sizes=\"(max-width: 800px) 100vw, 800px\" \/><\/figure><div class=\"wp-block-media-text__content\">\n<h3 class=\"wp-block-heading\">Golf Banner<\/h3>\n\n\n\n<p class=\"has-small-font-size\">El&nbsp;<strong>Golf Banner&nbsp;<\/strong>es un formato publicitario horizontal, ovalado y con estructura a \u201cdos caras\u201d. Es un soporte publicitario ideal para eventos tanto de interior como de exterior, adem\u00e1s de una forma original de atraer la atenci\u00f3n.<\/p>\n\n\n\n<div class=\"wp-block-buttons is-layout-flex wp-block-buttons-is-layout-flex\">\n<div class=\"wp-block-button has-custom-width wp-block-button__width-100\"><a class=\"wp-block-button__link wp-element-button\">Ver Modelos<\/a><\/div>\n<\/div>\n<\/div><\/div>\n\n\n\n<div class=\"wp-block-media-text is-stacked-on-mobile\" style=\"grid-template-columns:25% auto\"><figure class=\"wp-block-media-text__media\"><img loading=\"lazy\" decoding=\"async\" width=\"800\" height=\"801\" src=\"https:\/\/piretols.es\/wp-content\/uploads\/2024\/03\/Mesa-de-trabajo-1_1-100.jpg\" alt=\"\" class=\"wp-image-538 size-full\" srcset=\"https:\/\/piretols.es\/wp-content\/uploads\/2024\/03\/Mesa-de-trabajo-1_1-100.jpg 800w, https:\/\/piretols.es\/wp-content\/uploads\/2024\/03\/Mesa-de-trabajo-1_1-100-300x300.jpg 300w, https:\/\/piretols.es\/wp-content\/uploads\/2024\/03\/Mesa-de-trabajo-1_1-100-100x100.jpg 100w, https:\/\/piretols.es\/wp-content\/uploads\/2024\/03\/Mesa-de-trabajo-1_1-100-600x601.jpg 600w, https:\/\/piretols.es\/wp-content\/uploads\/2024\/03\/Mesa-de-trabajo-1_1-100-150x150.jpg 150w, https:\/\/piretols.es\/wp-content\/uploads\/2024\/03\/Mesa-de-trabajo-1_1-100-768x769.jpg 768w\" sizes=\"(max-width: 800px) 100vw, 800px\" \/><\/figure><div class=\"wp-block-media-text__content\">\n<h3 class=\"wp-block-heading\">M\u00e1stiles para banderas exterior<\/h3>\n\n\n\n<p class=\"has-small-font-size\">Los\u00a0<strong>m\u00e1stiles para banderas exterior<\/strong> est\u00e1n\u00a0<em>compuestos de aluminio y son abatibles<\/em>. Son los m\u00e1s robustos y elevados de nuestro cat\u00e1logo. Especialmente indicados para exteriores por su composici\u00f3n, resistente a las inclemencias del tiempo. Su altura alcanza los 6 metros.<\/p>\n\n\n\n<div class=\"wp-block-buttons is-layout-flex wp-block-buttons-is-layout-flex\">\n<div class=\"wp-block-button has-custom-width wp-block-button__width-100\"><a class=\"wp-block-button__link wp-element-button\">Ver Modelos<\/a><\/div>\n<\/div>\n<\/div><\/div>\n\n\n\n<hr class=\"wp-block-separator has-alpha-channel-opacity\"\/>\n\n\n\n<div class=\"wp-block-buttons is-layout-flex wp-block-buttons-is-layout-flex\">\n<div class=\"wp-block-button\"><a class=\"wp-block-button__link wp-element-button\" href=\"https:\/\/piretols.es\/index.php\/banderas\/\">P\u00e1gina Anterior<\/a><\/div>\n\n\n\n<div class=\"wp-block-button\"><a class=\"wp-block-button__link wp-element-button\" href=\"https:\/\/piretols.es\/index.php\/banderas-3\/\">Siguiente P\u00e1gina<\/a><\/div>\n<\/div>\n","protected":false},"excerpt":{"rendered":"","protected":false},"author":1,"featured_media":0,"parent":0,"menu_order":0,"comment_status":"closed","ping_status":"closed","template":"","meta":{"neve_meta_sidebar":"","neve_meta_container":"","neve_meta_enable_content_width":"","neve_meta_content_width":0,"neve_meta_title_alignment":"","neve_meta_author_avatar":"","neve_post_elements_order":"","neve_meta_disable_header":"","neve_meta_disable_footer":"","neve_meta_disable_title":"","_themeisle_gutenberg_block_has_review":false,"footnotes":""},"class_list":["post-533","page","type-page","status-publish","hentry"],"jetpack_sharing_enabled":true,"_links":{"self":[{"href":"https:\/\/piretols.es\/index.php\/wp-json\/wp\/v2\/pages\/533","targetHints":{"allow":["GET"]}}],"collection":[{"href":"https:\/\/piretols.es\/index.php\/wp-json\/wp\/v2\/pages"}],"about":[{"href":"https:\/\/piretols.es\/index.php\/wp-json\/wp\/v2\/types\/page"}],"author":[{"embeddable":true,"href":"https:\/\/piretols.es\/index.php\/wp-json\/wp\/v2\/users\/1"}],"replies":[{"embeddable":true,"href":"https:\/\/piretols.es\/index.php\/wp-json\/wp\/v2\/comments?post=533"}],"version-history":[{"count":6,"href":"https:\/\/piretols.es\/index.php\/wp-json\/wp\/v2\/pages\/533\/revisions"}],"predecessor-version":[{"id":558,"href":"https:\/\/piretols.es\/index.php\/wp-json\/wp\/v2\/pages\/533\/revisions\/558"}],"wp:attachment":[{"href":"https:\/\/piretols.es\/index.php\/wp-json\/wp\/v2\/media?parent=533"}],"curies":[{"name":"wp","href":"https:\/\/api.w.org\/{rel}","templated":true}]}}