{"id":544,"date":"2024-03-13T10:23:59","date_gmt":"2024-03-13T09:23:59","guid":{"rendered":"https:\/\/piretols.es\/?page_id=544"},"modified":"2024-03-13T10:54:17","modified_gmt":"2024-03-13T09:54:17","slug":"banderas-3","status":"publish","type":"page","link":"https:\/\/piretols.es\/index.php\/banderas-3\/","title":{"rendered":"Flyers"},"content":{"rendered":"\n<div class=\"wp-block-media-text is-stacked-on-mobile\" style=\"grid-template-columns:25% auto\"><figure class=\"wp-block-media-text__media\"><img fetchpriority=\"high\" decoding=\"async\" width=\"800\" height=\"800\" src=\"https:\/\/piretols.es\/wp-content\/uploads\/2024\/03\/banderas_manifestacion.jpg\" alt=\"\" class=\"wp-image-545 size-full\" srcset=\"https:\/\/piretols.es\/wp-content\/uploads\/2024\/03\/banderas_manifestacion.jpg 800w, https:\/\/piretols.es\/wp-content\/uploads\/2024\/03\/banderas_manifestacion-300x300.jpg 300w, https:\/\/piretols.es\/wp-content\/uploads\/2024\/03\/banderas_manifestacion-100x100.jpg 100w, https:\/\/piretols.es\/wp-content\/uploads\/2024\/03\/banderas_manifestacion-600x600.jpg 600w, https:\/\/piretols.es\/wp-content\/uploads\/2024\/03\/banderas_manifestacion-150x150.jpg 150w, https:\/\/piretols.es\/wp-content\/uploads\/2024\/03\/banderas_manifestacion-768x768.jpg 768w\" sizes=\"(max-width: 800px) 100vw, 800px\" \/><\/figure><div class=\"wp-block-media-text__content\">\n<h3 class=\"wp-block-heading\">Banderas para manifestaciones<\/h3>\n\n\n\n<p class=\"has-small-font-size\">Fabricamos&nbsp;<strong>banderas para manifestaciones<\/strong>&nbsp;confeccionadas con tela 100% poli\u00e9ster de 115 g\/m<sup>2&nbsp;<\/sup>. Disponemos de distintos tama\u00f1os de&nbsp;<strong>banderas con palo&nbsp;<\/strong>para que puedas escoger la que mejor se adapte a las necesidades de tu cliente.<\/p>\n\n\n\n<div class=\"wp-block-buttons is-layout-flex wp-block-buttons-is-layout-flex\">\n<div class=\"wp-block-button has-custom-width wp-block-button__width-100\"><a class=\"wp-block-button__link wp-element-button\">Ver Modelos<\/a><\/div>\n<\/div>\n<\/div><\/div>\n\n\n\n<div class=\"wp-block-media-text is-stacked-on-mobile\" style=\"grid-template-columns:25% auto\"><figure class=\"wp-block-media-text__media\"><img decoding=\"async\" width=\"800\" height=\"800\" src=\"https:\/\/piretols.es\/wp-content\/uploads\/2024\/03\/Banderin-deportivo-1.jpg\" alt=\"\" class=\"wp-image-546 size-full\" srcset=\"https:\/\/piretols.es\/wp-content\/uploads\/2024\/03\/Banderin-deportivo-1.jpg 800w, https:\/\/piretols.es\/wp-content\/uploads\/2024\/03\/Banderin-deportivo-1-300x300.jpg 300w, https:\/\/piretols.es\/wp-content\/uploads\/2024\/03\/Banderin-deportivo-1-100x100.jpg 100w, https:\/\/piretols.es\/wp-content\/uploads\/2024\/03\/Banderin-deportivo-1-600x600.jpg 600w, https:\/\/piretols.es\/wp-content\/uploads\/2024\/03\/Banderin-deportivo-1-150x150.jpg 150w, https:\/\/piretols.es\/wp-content\/uploads\/2024\/03\/Banderin-deportivo-1-768x768.jpg 768w\" sizes=\"(max-width: 800px) 100vw, 800px\" \/><\/figure><div class=\"wp-block-media-text__content\">\n<h3 class=\"wp-block-heading\">Banderines personalizados deportivos<\/h3>\n\n\n\n<p class=\"has-small-font-size\">Fabricamos\u00a0<strong>banderines deportivos<\/strong>\u00a0rectangulares acabados en pico. Disponen de cuerda y de fleco perimetral dorados. Pueden ser impresos con dise\u00f1os personalizados por ambas caras.<\/p>\n\n\n\n<div class=\"wp-block-buttons is-layout-flex wp-block-buttons-is-layout-flex\">\n<div class=\"wp-block-button has-custom-width wp-block-button__width-100\"><a class=\"wp-block-button__link wp-element-button\">Ver Modelos<\/a><\/div>\n<\/div>\n<\/div><\/div>\n\n\n\n<div class=\"wp-block-media-text is-stacked-on-mobile\" style=\"grid-template-columns:25% auto\"><figure class=\"wp-block-media-text__media\"><img decoding=\"async\" width=\"800\" height=\"800\" src=\"https:\/\/piretols.es\/wp-content\/uploads\/2024\/03\/Con-lazo-en-la-esquina-de-la-izquierda.jpg\" alt=\"\" class=\"wp-image-548 size-full\" srcset=\"https:\/\/piretols.es\/wp-content\/uploads\/2024\/03\/Con-lazo-en-la-esquina-de-la-izquierda.jpg 800w, https:\/\/piretols.es\/wp-content\/uploads\/2024\/03\/Con-lazo-en-la-esquina-de-la-izquierda-300x300.jpg 300w, https:\/\/piretols.es\/wp-content\/uploads\/2024\/03\/Con-lazo-en-la-esquina-de-la-izquierda-100x100.jpg 100w, https:\/\/piretols.es\/wp-content\/uploads\/2024\/03\/Con-lazo-en-la-esquina-de-la-izquierda-600x600.jpg 600w, https:\/\/piretols.es\/wp-content\/uploads\/2024\/03\/Con-lazo-en-la-esquina-de-la-izquierda-150x150.jpg 150w, https:\/\/piretols.es\/wp-content\/uploads\/2024\/03\/Con-lazo-en-la-esquina-de-la-izquierda-768x768.jpg 768w\" sizes=\"(max-width: 800px) 100vw, 800px\" \/><\/figure><div class=\"wp-block-media-text__content\">\n<h3 class=\"wp-block-heading\">Bandera para despacho<\/h3>\n\n\n\n<p class=\"has-small-font-size\">Fabricamos&nbsp;<strong>banderas para despachos, oficinas y salas institucionales<\/strong>. Confeccionadas en tela de poli\u00e9ster o de raso, las elaboramos con las medidas y los acabados que necesites. Adem\u00e1s, puedes personalizarla con el dise\u00f1o que sea oportuno.<\/p>\n\n\n\n<div class=\"wp-block-buttons is-layout-flex wp-block-buttons-is-layout-flex\">\n<div class=\"wp-block-button has-custom-width wp-block-button__width-100\"><a class=\"wp-block-button__link wp-element-button\">Ver Modelos<\/a><\/div>\n<\/div>\n<\/div><\/div>\n\n\n\n<div class=\"wp-block-media-text is-stacked-on-mobile\" style=\"grid-template-columns:25% auto\"><figure class=\"wp-block-media-text__media\"><img loading=\"lazy\" decoding=\"async\" width=\"800\" height=\"800\" src=\"https:\/\/piretols.es\/wp-content\/uploads\/2024\/03\/RECTANGULAR-700-CUADRADO-1.jpg\" alt=\"\" class=\"wp-image-549 size-full\" srcset=\"https:\/\/piretols.es\/wp-content\/uploads\/2024\/03\/RECTANGULAR-700-CUADRADO-1.jpg 800w, https:\/\/piretols.es\/wp-content\/uploads\/2024\/03\/RECTANGULAR-700-CUADRADO-1-300x300.jpg 300w, https:\/\/piretols.es\/wp-content\/uploads\/2024\/03\/RECTANGULAR-700-CUADRADO-1-100x100.jpg 100w, https:\/\/piretols.es\/wp-content\/uploads\/2024\/03\/RECTANGULAR-700-CUADRADO-1-600x600.jpg 600w, https:\/\/piretols.es\/wp-content\/uploads\/2024\/03\/RECTANGULAR-700-CUADRADO-1-150x150.jpg 150w, https:\/\/piretols.es\/wp-content\/uploads\/2024\/03\/RECTANGULAR-700-CUADRADO-1-768x768.jpg 768w\" sizes=\"(max-width: 800px) 100vw, 800px\" \/><\/figure><div class=\"wp-block-media-text__content\">\n<h3 class=\"wp-block-heading\">M\u00e1stil tel\u00e9scopico<\/h3>\n\n\n\n<p class=\"has-small-font-size\">Nuestro&nbsp;<strong>m\u00e1stiles telesc\u00f3picos,<\/strong>&nbsp;extensibles desde los 5 a los 7 metros, est\u00e1n indicados para banderas verticales. Disponen de un brazo de potencia que sujeta la bandera publicitaria desplegada. Son unos m\u00e1stiles econ\u00f3micos y manejables ya que se pliegan para su transporte. Incluyen base y cuatro refuerzos para aumentar su estabilidad.<\/p>\n\n\n\n<div class=\"wp-block-buttons is-layout-flex wp-block-buttons-is-layout-flex\">\n<div class=\"wp-block-button has-custom-width wp-block-button__width-100\"><a class=\"wp-block-button__link wp-element-button\">Ver Modelos<\/a><\/div>\n<\/div>\n<\/div><\/div>\n\n\n\n<div class=\"wp-block-media-text is-stacked-on-mobile\" style=\"grid-template-columns:25% auto\"><figure class=\"wp-block-media-text__media\"><img loading=\"lazy\" decoding=\"async\" width=\"800\" height=\"800\" src=\"https:\/\/piretols.es\/wp-content\/uploads\/2024\/03\/mastil_de_sobremesa-1.jpg\" alt=\"\" class=\"wp-image-550 size-full\" srcset=\"https:\/\/piretols.es\/wp-content\/uploads\/2024\/03\/mastil_de_sobremesa-1.jpg 800w, https:\/\/piretols.es\/wp-content\/uploads\/2024\/03\/mastil_de_sobremesa-1-300x300.jpg 300w, https:\/\/piretols.es\/wp-content\/uploads\/2024\/03\/mastil_de_sobremesa-1-100x100.jpg 100w, https:\/\/piretols.es\/wp-content\/uploads\/2024\/03\/mastil_de_sobremesa-1-600x600.jpg 600w, https:\/\/piretols.es\/wp-content\/uploads\/2024\/03\/mastil_de_sobremesa-1-150x150.jpg 150w, https:\/\/piretols.es\/wp-content\/uploads\/2024\/03\/mastil_de_sobremesa-1-768x768.jpg 768w\" sizes=\"(max-width: 800px) 100vw, 800px\" \/><\/figure><div class=\"wp-block-media-text__content\">\n<h3 class=\"wp-block-heading\">M\u00e1stil tel\u00e9scopico<\/h3>\n\n\n\n<p class=\"has-small-font-size\">Pack de m\u00e1stil de sobremesa de 34 cm. de alto, m\u00e1s bandera horizontal rectangular de 15\u00d725 cm. con dise\u00f1o personalizable. El m\u00e1stil est\u00e1 fabricado en aluminio cromado y color plateado con un elegante remate en bola metalizada. Especialmente pensado para interior, el conjunto incluye base, una peana circular de 9 cm de di\u00e1metro y 1 cm de alto.<\/p>\n\n\n\n<div class=\"wp-block-buttons is-layout-flex wp-block-buttons-is-layout-flex\">\n<div class=\"wp-block-button has-custom-width wp-block-button__width-100\"><a class=\"wp-block-button__link wp-element-button\">Ver Modelos<\/a><\/div>\n<\/div>\n<\/div><\/div>\n\n\n\n<hr class=\"wp-block-separator has-alpha-channel-opacity\"\/>\n\n\n\n<div class=\"wp-block-buttons is-layout-flex wp-block-buttons-is-layout-flex\">\n<div class=\"wp-block-button\"><a class=\"wp-block-button__link wp-element-button\" href=\"https:\/\/piretols.es\/index.php\/banderas-2\/\">P\u00e1gina Anterior<\/a><\/div>\n<\/div>\n","protected":false},"excerpt":{"rendered":"","protected":false},"author":1,"featured_media":0,"parent":0,"menu_order":0,"comment_status":"closed","ping_status":"closed","template":"","meta":{"neve_meta_sidebar":"","neve_meta_container":"","neve_meta_enable_content_width":"","neve_meta_content_width":0,"neve_meta_title_alignment":"","neve_meta_author_avatar":"","neve_post_elements_order":"","neve_meta_disable_header":"","neve_meta_disable_footer":"","neve_meta_disable_title":"","_themeisle_gutenberg_block_has_review":false,"footnotes":""},"class_list":["post-544","page","type-page","status-publish","hentry"],"jetpack_sharing_enabled":true,"_links":{"self":[{"href":"https:\/\/piretols.es\/index.php\/wp-json\/wp\/v2\/pages\/544","targetHints":{"allow":["GET"]}}],"collection":[{"href":"https:\/\/piretols.es\/index.php\/wp-json\/wp\/v2\/pages"}],"about":[{"href":"https:\/\/piretols.es\/index.php\/wp-json\/wp\/v2\/types\/page"}],"author":[{"embeddable":true,"href":"https:\/\/piretols.es\/index.php\/wp-json\/wp\/v2\/users\/1"}],"replies":[{"embeddable":true,"href":"https:\/\/piretols.es\/index.php\/wp-json\/wp\/v2\/comments?post=544"}],"version-history":[{"count":4,"href":"https:\/\/piretols.es\/index.php\/wp-json\/wp\/v2\/pages\/544\/revisions"}],"predecessor-version":[{"id":559,"href":"https:\/\/piretols.es\/index.php\/wp-json\/wp\/v2\/pages\/544\/revisions\/559"}],"wp:attachment":[{"href":"https:\/\/piretols.es\/index.php\/wp-json\/wp\/v2\/media?parent=544"}],"curies":[{"name":"wp","href":"https:\/\/api.w.org\/{rel}","templated":true}]}}