{"id":910,"date":"2025-12-17T12:39:51","date_gmt":"2025-12-17T11:39:51","guid":{"rendered":"https:\/\/piretols.es\/?page_id=910"},"modified":"2025-12-17T13:23:11","modified_gmt":"2025-12-17T12:23:11","slug":"novedades","status":"publish","type":"page","link":"https:\/\/piretols.es\/index.php\/novedades\/","title":{"rendered":"Novedades"},"content":{"rendered":"\n<p>(Pr\u00f3ximamente)<\/p>\n\n\n\n<p>Ent\u00e9rate aqu\u00ed sobre nuestras not\u00edcias y descuentos \ud83d\ude09<\/p>\n\n\n\n<p><\/p>\n","protected":false},"excerpt":{"rendered":"<p>(Pr\u00f3ximamente) Ent\u00e9rate aqu\u00ed sobre nuestras not\u00edcias y descuentos \ud83d\ude09<\/p>\n","protected":false},"author":1,"featured_media":0,"parent":0,"menu_order":0,"comment_status":"closed","ping_status":"closed","template":"","meta":{"neve_meta_sidebar":"","neve_meta_container":"","neve_meta_enable_content_width":"","neve_meta_content_width":0,"neve_meta_title_alignment":"","neve_meta_author_avatar":"","neve_post_elements_order":"","neve_meta_disable_header":"","neve_meta_disable_footer":"","neve_meta_disable_title":"","_themeisle_gutenberg_block_has_review":false,"footnotes":""},"class_list":["post-910","page","type-page","status-publish","hentry"],"jetpack_sharing_enabled":true,"_links":{"self":[{"href":"https:\/\/piretols.es\/index.php\/wp-json\/wp\/v2\/pages\/910","targetHints":{"allow":["GET"]}}],"collection":[{"href":"https:\/\/piretols.es\/index.php\/wp-json\/wp\/v2\/pages"}],"about":[{"href":"https:\/\/piretols.es\/index.php\/wp-json\/wp\/v2\/types\/page"}],"author":[{"embeddable":true,"href":"https:\/\/piretols.es\/index.php\/wp-json\/wp\/v2\/users\/1"}],"replies":[{"embeddable":true,"href":"https:\/\/piretols.es\/index.php\/wp-json\/wp\/v2\/comments?post=910"}],"version-history":[{"count":2,"href":"https:\/\/piretols.es\/index.php\/wp-json\/wp\/v2\/pages\/910\/revisions"}],"predecessor-version":[{"id":915,"href":"https:\/\/piretols.es\/index.php\/wp-json\/wp\/v2\/pages\/910\/revisions\/915"}],"wp:attachment":[{"href":"https:\/\/piretols.es\/index.php\/wp-json\/wp\/v2\/media?parent=910"}],"curies":[{"name":"wp","href":"https:\/\/api.w.org\/{rel}","templated":true}]}}